{"id":58,"date":"2021-07-11T15:11:20","date_gmt":"2021-07-11T15:11:20","guid":{"rendered":"http:\/\/localhost:8888\/royarch\/?page_id=58"},"modified":"2024-02-19T12:39:15","modified_gmt":"2024-02-19T12:39:15","slug":"about","status":"publish","type":"page","link":"https:\/\/kfkmetal.com.tr\/index.php\/about\/","title":{"rendered":"About"},"content":{"rendered":"\t\t<div data-elementor-type=\"wp-page\" data-elementor-id=\"58\" class=\"elementor elementor-58\" data-elementor-post-type=\"page\">\n\t\t\t\t\t\t<section class=\"elementor-section elementor-top-section elementor-element elementor-element-38527e0 elementor-section-full_width elementor-section-height-default elementor-section-height-default\" data-id=\"38527e0\" data-element_type=\"section\" data-e-type=\"section\">\n\t\t\t\t\t\t<div class=\"elementor-container elementor-column-gap-no\">\n\t\t\t\t\t<div class=\"elementor-column elementor-col-100 elementor-top-column elementor-element elementor-element-f47aaef\" data-id=\"f47aaef\" data-element_type=\"column\" data-e-type=\"column\">\n\t\t\t<div class=\"elementor-widget-wrap elementor-element-populated\">\n\t\t\t\t\t\t<div class=\"elementor-element elementor-element-69a3434 elementor-widget elementor-widget-Royarch-Global-Widgets-About-Block\" data-id=\"69a3434\" data-element_type=\"widget\" data-e-type=\"widget\" data-widget_type=\"Royarch-Global-Widgets-About-Block.default\">\n\t\t\t\t<div class=\"elementor-widget-container\">\n\t\t\t\t\t        \r\n        <!-- about-section \r\n\t\t\t================================================== -->\r\n\t\t<section class=\"about-section\">\r\n\r\n\t\t\t<div class=\"container\">\r\n\t\t\t\t<div class=\"about-box\">\r\n\t\t\t\t\t<div class=\"row\">\r\n\t\t\t\t\t\t<div class=\"col-lg-6\">\r\n\t\t\t\t\t\t\t<div class=\"images\">\r\n\t\t\t\t\t\t\t\t<div class=\"row\">\r\n\t\t\t\t\t\t\t\t\t<div class=\"col-md-6\">\r\n\t\t\t\t\t\t\t\t\t\t\t\t\t\t\t\t\t\t\t\t\t<img decoding=\"async\" src=\"http:\/\/fabric-lab.co\/royarch\/wp-content\/uploads\/sites\/9\/2021\/08\/about-grid-1.jpg\" alt>\r\n\t\t\t\t\t\t\t\t\t\t\t\t\t\t\t\t\t\t\t\t\t\t\t\t\t\t\t\t\t\t\t<img decoding=\"async\" src=\"http:\/\/fabric-lab.co\/royarch\/wp-content\/uploads\/sites\/9\/2021\/08\/about-grid-2.jpg\" alt>\r\n\t\t\t\t\t\t\t\t\t\t\t\t\t\t\t\t\t\t\t<\/div>\r\n\t\t\t\t\t\t\t\t\t<div class=\"col-md-6\">\r\n\t\t\t\t\t\t\t\t\t\t\t\t\t\t\t\t\t\t\t\t\t<img decoding=\"async\"  class=\"snd-size\" src=\"http:\/\/fabric-lab.co\/royarch\/wp-content\/uploads\/sites\/9\/2021\/08\/about-grid-3.jpg\" alt>\r\n\t\t\t\t\t\t\t\t\t\t\t\t\t\t\t\t\t\t\t<\/div>\r\n\t\t\t\t\t\t\t\t<\/div>\r\n\t\t\t\t\t\t\t<\/div>\r\n\t\t\t\t\t\t<\/div>\r\n\t\t\t\t\t\t<div class=\"col-lg-6\">\r\n\t\t\t\t\t\t\t<div class=\"about-content\">\r\n\t\t\t\t\t\t\t\t<h3>KFK METAL KURUMSAL<\/h3>\r\n\t\t\t\t\t\t\t\t<p><strong>KFK Metal \u2018Kalite Y\u00f6netim\u2019 prensiplerini esas alan firma olman\u0131n yan\u0131nda, deneyimli kadrosu ve modern teknolojik alt yap\u0131s\u0131 ile sekt\u00f6rde y\u00fcksek performansl\u0131, kaliteli, dayan\u0131kl\u0131 ve uzun \u00f6m\u00fcrl\u00fc metal mobilyalar \u00fcretmektedir.<\/strong><\/p><p>1999 y\u0131l\u0131ndan bu yana T\u00fcrkiye\u2019de ve d\u00fcnyada \u00f6nemli otel, restaurant, cafe, ma\u011faza, hastane, konut ve avm projelerinde gururla yer alan KFK METAL, engin bilgi birikimi ve teknolojik alt yap\u0131s\u0131 ve alan\u0131nda tecr\u00fcbeli kadrosu ile sekt\u00f6rde \u00f6nemli bir hizmet sunuyor.<\/p><p>Farkl\u0131 tasar\u0131mlarda ve \u00f6l\u00e7eklerde her proje i\u00e7in projeye \u00f6zel detayland\u0131rma, \u00e7\u00f6z\u00fcm ve maliyet avantaj\u0131 sunuyor, profesyonel kadrosu ile g\u00f6z al\u0131c\u0131 sanat eserleri \u00fcretiyor. Lazer kesim veya geni\u015fletilmi\u015f mesh seperat\u00f6rden konik sehpaya, dekoratif aynadan metal \u00e7ubuk sandalyeye, toplant\u0131 masas\u0131ndan koltuk aya\u011f\u0131na geni\u015f bir yelpazede mimari projeye \u00f6zel imalatlar yap\u0131yor ve demir, paslanmaz, pirin\u00e7 gibi istenilen metaryel, gold, rosegold, bronz ve eskitme gibi istenilen renk ve dokularda \u00fcr\u00fcn sunuyoruz.<\/p>\t\t\t\t\t\t\t<\/div>\r\n\t\t\t\t\t\t<\/div>\r\n\t\t\t\t\t<\/div>\r\n\t\t\t\t<\/div>\r\n\t\t\t<\/div>\r\n\r\n\t\t<\/section>\r\n\t\t<!-- End about-section -->\r\n\t\t\t\r\n    \r\n    \t\t\t\t<\/div>\n\t\t\t\t<\/div>\n\t\t\t\t\t<\/div>\n\t\t<\/div>\n\t\t\t\t\t<\/div>\n\t\t<\/section>\n\t\t\t\t<section class=\"elementor-section elementor-top-section elementor-element elementor-element-3c3f506 elementor-section-full_width elementor-section-height-default elementor-section-height-default\" data-id=\"3c3f506\" data-element_type=\"section\" data-e-type=\"section\">\n\t\t\t\t\t\t<div class=\"elementor-container elementor-column-gap-no\">\n\t\t\t\t\t<div class=\"elementor-column elementor-col-100 elementor-top-column elementor-element elementor-element-a32ed75\" data-id=\"a32ed75\" data-element_type=\"column\" data-e-type=\"column\">\n\t\t\t<div class=\"elementor-widget-wrap elementor-element-populated\">\n\t\t\t\t\t\t<div class=\"elementor-element elementor-element-bf09f84 elementor-widget elementor-widget-Royarch-Global-Widgets-Services-Block3\" data-id=\"bf09f84\" data-element_type=\"widget\" data-e-type=\"widget\" data-widget_type=\"Royarch-Global-Widgets-Services-Block3.default\">\n\t\t\t\t<div class=\"elementor-widget-container\">\n\t\t\t\t\t\n\t\t<!-- services-section3 \n\t\t\t================================================== -->\n\t\t<section class=\"services-section3\">\n\n\t\t\t<div class=\"container\">\n\t\t\t\t\t\t\t\t<div class=\"services-box3\">\n\t\t\t\t\t<div class=\"row g-0\">\n\t\t\t\t\t\t                        <div class=\"col-lg-4\">\n\t\t\t\t\t\t\t<div class=\"services-post3\">\n\t\t\t\t\t\t\t\t<a href=\"\">\n\t\t\t\t\t\t\t\t<svg aria-hidden=\"true\" class=\"e-font-icon-svg e-fas-ruler-combined\" viewBox=\"0 0 512 512\" xmlns=\"http:\/\/www.w3.org\/2000\/svg\"><path d=\"M160 288h-56c-4.42 0-8-3.58-8-8v-16c0-4.42 3.58-8 8-8h56v-64h-56c-4.42 0-8-3.58-8-8v-16c0-4.42 3.58-8 8-8h56V96h-56c-4.42 0-8-3.58-8-8V72c0-4.42 3.58-8 8-8h56V32c0-17.67-14.33-32-32-32H32C14.33 0 0 14.33 0 32v448c0 2.77.91 5.24 1.57 7.8L160 329.38V288zm320 64h-32v56c0 4.42-3.58 8-8 8h-16c-4.42 0-8-3.58-8-8v-56h-64v56c0 4.42-3.58 8-8 8h-16c-4.42 0-8-3.58-8-8v-56h-64v56c0 4.42-3.58 8-8 8h-16c-4.42 0-8-3.58-8-8v-56h-41.37L24.2 510.43c2.56.66 5.04 1.57 7.8 1.57h448c17.67 0 32-14.33 32-32v-96c0-17.67-14.33-32-32-32z\"><\/path><\/svg>\t\t\t\t\t\t\t\t<\/a>\n\t\t\t\t\t\t\t\t<h4>Planlama<\/h4>\n\t\t\t\t\t\t\t\t<p>S\u00fcre\u00e7 y\u00f6netimi alan\u0131nda uzman ekiplerimizle proje planlamas\u0131nda en iyi hizmet <\/p>\n\t\t\t\t\t\t\t<\/div>\n\t\t\t\t\t\t<\/div>\n\n                                                <div class=\"col-lg-4\">\n\t\t\t\t\t\t\t<div class=\"services-post3\">\n\t\t\t\t\t\t\t\t<a href=\"\">\n\t\t\t\t\t\t\t\t<svg aria-hidden=\"true\" class=\"e-font-icon-svg e-fas-edit\" viewBox=\"0 0 576 512\" xmlns=\"http:\/\/www.w3.org\/2000\/svg\"><path d=\"M402.6 83.2l90.2 90.2c3.8 3.8 3.8 10 0 13.8L274.4 405.6l-92.8 10.3c-12.4 1.4-22.9-9.1-21.5-21.5l10.3-92.8L388.8 83.2c3.8-3.8 10-3.8 13.8 0zm162-22.9l-48.8-48.8c-15.2-15.2-39.9-15.2-55.2 0l-35.4 35.4c-3.8 3.8-3.8 10 0 13.8l90.2 90.2c3.8 3.8 10 3.8 13.8 0l35.4-35.4c15.2-15.3 15.2-40 0-55.2zM384 346.2V448H64V128h229.8c3.2 0 6.2-1.3 8.5-3.5l40-40c7.6-7.6 2.2-20.5-8.5-20.5H48C21.5 64 0 85.5 0 112v352c0 26.5 21.5 48 48 48h352c26.5 0 48-21.5 48-48V306.2c0-10.7-12.9-16-20.5-8.5l-40 40c-2.2 2.3-3.5 5.3-3.5 8.5z\"><\/path><\/svg>\t\t\t\t\t\t\t\t<\/a>\n\t\t\t\t\t\t\t\t<h4>Tasar\u0131m<\/h4>\n\t\t\t\t\t\t\t\t<p>\u0130htiyac\u0131n\u0131za ve zevkinize uygun tasar\u0131m uygulamalar\u0131nda \u00f6nc\u00fc bir ekip <\/p>\n\t\t\t\t\t\t\t<\/div>\n\t\t\t\t\t\t<\/div>\n\n                                                <div class=\"col-lg-4\">\n\t\t\t\t\t\t\t<div class=\"services-post3\">\n\t\t\t\t\t\t\t\t<a href=\"\">\n\t\t\t\t\t\t\t\t<svg aria-hidden=\"true\" class=\"e-font-icon-svg e-fas-chart-line\" viewBox=\"0 0 512 512\" xmlns=\"http:\/\/www.w3.org\/2000\/svg\"><path d=\"M496 384H64V80c0-8.84-7.16-16-16-16H16C7.16 64 0 71.16 0 80v336c0 17.67 14.33 32 32 32h464c8.84 0 16-7.16 16-16v-32c0-8.84-7.16-16-16-16zM464 96H345.94c-21.38 0-32.09 25.85-16.97 40.97l32.4 32.4L288 242.75l-73.37-73.37c-12.5-12.5-32.76-12.5-45.25 0l-68.69 68.69c-6.25 6.25-6.25 16.38 0 22.63l22.62 22.62c6.25 6.25 16.38 6.25 22.63 0L192 237.25l73.37 73.37c12.5 12.5 32.76 12.5 45.25 0l96-96 32.4 32.4c15.12 15.12 40.97 4.41 40.97-16.97V112c.01-8.84-7.15-16-15.99-16z\"><\/path><\/svg>\t\t\t\t\t\t\t\t<\/a>\n\t\t\t\t\t\t\t\t<h4>Teslim<\/h4>\n\t\t\t\t\t\t\t\t<p>Planlanm\u0131\u015f olan ve m\u00fc\u015fterilerimize vaadedilen s\u00fcrede \u00fcr\u00fcn ve  i\u015f teslimi <\/p>\n\t\t\t\t\t\t\t<\/div>\n\t\t\t\t\t\t<\/div>\n\n                        \t\t\t\t\t<\/div>\n\t\t\t\t<\/div>\n\t\t\t<\/div>\n\n\t\t<\/section>\n\t\t<!-- End services-section3 -->\n    \n    \t\t\t\t<\/div>\n\t\t\t\t<\/div>\n\t\t\t\t\t<\/div>\n\t\t<\/div>\n\t\t\t\t\t<\/div>\n\t\t<\/section>\n\t\t\t\t<section class=\"elementor-section elementor-top-section elementor-element elementor-element-1fe79d5 elementor-section-full_width elementor-section-height-default elementor-section-height-default\" data-id=\"1fe79d5\" data-element_type=\"section\" data-e-type=\"section\">\n\t\t\t\t\t\t<div class=\"elementor-container elementor-column-gap-no\">\n\t\t\t\t\t<div class=\"elementor-column elementor-col-100 elementor-top-column elementor-element elementor-element-f049f35\" data-id=\"f049f35\" data-element_type=\"column\" data-e-type=\"column\">\n\t\t\t<div class=\"elementor-widget-wrap elementor-element-populated\">\n\t\t\t\t\t\t<div class=\"elementor-element elementor-element-4b1c7b4 elementor-widget-divider--view-line elementor-widget elementor-widget-divider\" data-id=\"4b1c7b4\" data-element_type=\"widget\" data-e-type=\"widget\" data-widget_type=\"divider.default\">\n\t\t\t\t<div class=\"elementor-widget-container\">\n\t\t\t\t\t\t\t<div class=\"elementor-divider\">\n\t\t\t<span class=\"elementor-divider-separator\">\n\t\t\t\t\t\t<\/span>\n\t\t<\/div>\n\t\t\t\t\t\t<\/div>\n\t\t\t\t<\/div>\n\t\t\t\t\t<\/div>\n\t\t<\/div>\n\t\t\t\t\t<\/div>\n\t\t<\/section>\n\t\t\t\t<section class=\"elementor-section elementor-top-section elementor-element elementor-element-01f6eb1 elementor-section-full_width elementor-section-height-default elementor-section-height-default\" data-id=\"01f6eb1\" data-element_type=\"section\" data-e-type=\"section\">\n\t\t\t\t\t\t<div class=\"elementor-container elementor-column-gap-no\">\n\t\t\t\t\t<div class=\"elementor-column elementor-col-100 elementor-top-column elementor-element elementor-element-80a2895\" data-id=\"80a2895\" data-element_type=\"column\" data-e-type=\"column\">\n\t\t\t<div class=\"elementor-widget-wrap elementor-element-populated\">\n\t\t\t\t\t\t<div class=\"elementor-element elementor-element-0b9b0f1 elementor-widget elementor-widget-Royarch-Global-Widgets-Features-Block\" data-id=\"0b9b0f1\" data-element_type=\"widget\" data-e-type=\"widget\" data-widget_type=\"Royarch-Global-Widgets-Features-Block.default\">\n\t\t\t\t<div class=\"elementor-widget-container\">\n\t\t\t\t\t        \n\n\t\t<!-- features-section\n\t\t\t================================================== -->\n\t\t<section class=\"features-section\">\n\n\t\t\t<div class=\"container\">\n\t\t\t\t<div class=\"features-box\">\n\t\t\t\t\t<div class=\"row\">\n\t\t\t\t\t\t<div class=\"col-lg-5\">\n\t\t\t\t\t\t\t<div class=\"feature-content\">\n\t\t\t\t\t\t\t\t<h3>Misyonumuz<\/h3>\n\t\t\t\t\t\t\t\t<p>\u0130nsano\u011flunun haketti\u011fi ya\u015fam kalitesini \u00fcstlendi\u011fimiz\nprojelere yans\u0131tarak i\u015fimizde m\u00fckemmeli yakalamak ve bu\nsayede artan rekabet s\u00fcrecinde rakiplerimizin en \u00f6n\u00fcnde yer\nalmakt\u0131r. Bu y\u00fczden tasar\u0131m ve uygulama alan\u0131nda deneyimli\nm\u00fchendislerimiz konforda ve kalitede e\u015fsiz projelere her ay bir\nyenisini eklemektedir. \n\nYurti\u00e7i ve yurtd\u0131\u015f\u0131daki \u00e7evre bilincinin geli\u015fmesinde etkili\nrol oynamak alan\u0131nda en \u00e7ok terchi edilen marka olmak\nve istihdam oran\u0131n\u0131 her ge\u00e7en stratejik d\u00f6nemde daha da\nartt\u0131rmakt\u0131r.<\/p>\n\t\t\t\t\t\t\t\t<a href=\"http:\/\/localhost:8888\/royarch\/about\/\" class=\"theme-button\"><span><\/span><\/a>\n\t\t\t\t\t\t\t<\/div>\n\t\t\t\t\t\t<\/div>\n\t\t\t\t\t\t<div class=\"col-lg-7\">\n\t\t\t\t\t\t\t<div class=\"image-holder\">\n\t\t\t\t\t\t\t\t\t\t\t\t\t\t\t\t\t<img decoding=\"async\" src=\"http:\/\/fabric-lab.co\/royarch\/wp-content\/uploads\/sites\/9\/2021\/08\/transformational_designs.png\" alt>\n\t\t\t\t\t\t\t\t\t\t\t\t\t\t\t<\/div>\n\t\t\t\t\t\t<\/div>\n\t\t\t\t\t<\/div>\n\t\t\t\t<\/div>\n\t\t\t<\/div>\n\n\t\t<\/section>\n\t\t<!-- End features-section -->\n\t\t\t\n    \n    \t\t\t\t<\/div>\n\t\t\t\t<\/div>\n\t\t\t\t\t<\/div>\n\t\t<\/div>\n\t\t\t\t\t<\/div>\n\t\t<\/section>\n\t\t\t\t<section class=\"elementor-section elementor-top-section elementor-element elementor-element-efb16ac elementor-section-full_width elementor-section-height-default elementor-section-height-default\" data-id=\"efb16ac\" data-element_type=\"section\" data-e-type=\"section\">\n\t\t\t\t\t\t<div class=\"elementor-container elementor-column-gap-no\">\n\t\t\t\t\t<div class=\"elementor-column elementor-col-100 elementor-top-column elementor-element elementor-element-bf85d12\" data-id=\"bf85d12\" data-element_type=\"column\" data-e-type=\"column\">\n\t\t\t<div class=\"elementor-widget-wrap elementor-element-populated\">\n\t\t\t\t\t\t<div class=\"elementor-element elementor-element-7297444 elementor-widget-divider--view-line elementor-widget elementor-widget-divider\" data-id=\"7297444\" data-element_type=\"widget\" data-e-type=\"widget\" data-widget_type=\"divider.default\">\n\t\t\t\t<div class=\"elementor-widget-container\">\n\t\t\t\t\t\t\t<div class=\"elementor-divider\">\n\t\t\t<span class=\"elementor-divider-separator\">\n\t\t\t\t\t\t<\/span>\n\t\t<\/div>\n\t\t\t\t\t\t<\/div>\n\t\t\t\t<\/div>\n\t\t\t\t\t<\/div>\n\t\t<\/div>\n\t\t\t\t\t<\/div>\n\t\t<\/section>\n\t\t\t\t<section class=\"elementor-section elementor-top-section elementor-element elementor-element-0d22b39 elementor-section-full_width elementor-section-height-default elementor-section-height-default\" data-id=\"0d22b39\" data-element_type=\"section\" data-e-type=\"section\">\n\t\t\t\t\t\t<div class=\"elementor-container elementor-column-gap-no\">\n\t\t\t\t\t<div class=\"elementor-column elementor-col-100 elementor-top-column elementor-element elementor-element-b9b8830\" data-id=\"b9b8830\" data-element_type=\"column\" data-e-type=\"column\">\n\t\t\t<div class=\"elementor-widget-wrap\">\n\t\t\t\t\t\t\t<\/div>\n\t\t<\/div>\n\t\t\t\t\t<\/div>\n\t\t<\/section>\n\t\t\t\t<section class=\"elementor-section elementor-top-section elementor-element elementor-element-1f27e1c elementor-section-full_width elementor-section-height-default elementor-section-height-default\" data-id=\"1f27e1c\" data-element_type=\"section\" data-e-type=\"section\">\n\t\t\t\t\t\t<div class=\"elementor-container elementor-column-gap-no\">\n\t\t\t\t\t<div class=\"elementor-column elementor-col-100 elementor-top-column elementor-element elementor-element-9c3f024\" data-id=\"9c3f024\" data-element_type=\"column\" data-e-type=\"column\">\n\t\t\t<div class=\"elementor-widget-wrap elementor-element-populated\">\n\t\t\t\t\t\t<div class=\"elementor-element elementor-element-fdaf549 elementor-widget elementor-widget-Royarch-Global-Widgets-Features-Block2\" data-id=\"fdaf549\" data-element_type=\"widget\" data-e-type=\"widget\" data-widget_type=\"Royarch-Global-Widgets-Features-Block2.default\">\n\t\t\t\t<div class=\"elementor-widget-container\">\n\t\t\t\t\t        \n        <!-- features-section2\n\t\t\t================================================== -->\n\t\t<section class=\"features-section2\">\n\n\t\t\t<div class=\"container\">\n\t\t\t\t<div class=\"features-box2\">\n\t\t\t\t\t<div class=\"row\">\n\t\t\t\t\t\t<div class=\"col-lg-6\">\n\t\t\t\t\t\t\t<div class=\"images-box\">\n\t\t\t\t\t\t\t\t<div class=\"row\">\n\t\t\t\t\t\t\t\t\t<div class=\"col-md-6\">\n\t\t\t\t\t\t\t\t\t\t<div class=\"image-holder\">\n\t\t\t\t\t\t\t\t\t\t\t\t\t\t\t\t\t\t\t\t\t\t\t<img decoding=\"async\" src=\"http:\/\/fabric-lab.co\/royarch\/wp-content\/uploads\/sites\/9\/2021\/08\/feature-img-1.jpg\" alt>\n\t\t\t\t\t\t\t\t\t\t\t\t\t\t\t\t\t\t\t\t\t\t<a href=\"\"><\/a>\n\t\t\t\t\t\t\t\t\t\t<\/div>\n\t\t\t\t\t\t\t\t\t<\/div>\n\t\t\t\t\t\t\t\t\t<div class=\"col-md-6\">\n\t\t\t\t\t\t\t\t\t\t<div class=\"image-holder\">\n\t\t\t\t\t\t\t\t\t\t\t\t\t\t\t\t\t\t\t\t\t\t\t<img decoding=\"async\" src=\"http:\/\/fabric-lab.co\/royarch\/wp-content\/uploads\/sites\/9\/2021\/08\/feature-img-2.png\" alt>\n\t\t\t\t\t\t\t\t\t\t\t\t\t\t\t\t\t\t\t\t\t\t<a href=\"\"><\/a>\n\t\t\t\t\t\t\t\t\t\t<\/div>\n\t\t\t\t\t\t\t\t\t<\/div>\n\t\t\t\t\t\t\t\t<\/div>\n\t\t\t\t\t\t\t<\/div>\n\t\t\t\t\t\t<\/div>\n\t\t\t\t\t\t<div class=\"col-lg-6\">\n\t\t\t\t\t\t\t<div class=\"feature-content\">\n\t\t\t\t\t\t\t\t<span>Profesyonel \u00c7\u00f6z\u00fcmler<\/span>\n\t\t\t\t\t\t\t\t<h3>Vizyonumuz<\/h3>\n\t\t\t\t\t\t\t\t<p>M\u00fc\u015fterilerimizin nihai kullan\u0131c\u0131lar\u0131n g\u00fcn\u00fcm\u00fcz ko\u015fullar\u0131na\ng\u00f6re de\u011fi\u015fen ihtiya\u00e7lar\u0131na profesyonel \u00e7\u00f6z\u00fcmler sunarak\nm\u00fc\u015fterilerimizin mekanlar\u0131na de\u011fer ve farkl\u0131l\u0131k katan\ng\u00fcvenli kaliteli ve estetik \u00fcr\u00fcnler tasarlay\u0131p \u00fcretmektir. Bu\nsayede \u00fclkemizde yeni olu\u015fmaya ba\u015flayan \u00e7evre bilincini\ngeli\u015ftirmektedir.\nBunun i\u00e7indir ki do\u011fan\u0131n zorla\u015ft\u0131rd\u0131\u011f\u0131 ya\u015fam alanlar\u0131nda\ninsanlar\u0131n mutlulu\u011fu i\u00e7in ya\u015fam\u0131 ve kaliteyi y\u00fckselterek,\n\u00e7a\u011fda\u015f teknolojiyi ya\u015fam alanlar\u0131na uygulayarak insanlarm\u0131z\u0131n\nrahat ve memnuniyetini sa\u011flamak en \u00f6nemli kurumsal\npolitikam\u0131zd\u0131r.<\/p>\n\t\t\t\t\t\t\t<\/div>\n\t\t\t\t\t\t<\/div>\n\t\t\t\t\t<\/div>\n\t\t\t\t<\/div>\n\t\t\t<\/div>\n\n\t\t<\/section>\n\t\t<!-- End features-section -->\n\t\t\t\n    \n    \t\t\t\t<\/div>\n\t\t\t\t<\/div>\n\t\t\t\t<div class=\"elementor-element elementor-element-32a94d6 elementor-widget elementor-widget-Royarch-Global-Widgets-Services-Block6\" data-id=\"32a94d6\" data-element_type=\"widget\" data-e-type=\"widget\" data-widget_type=\"Royarch-Global-Widgets-Services-Block6.default\">\n\t\t\t\t<div class=\"elementor-widget-container\">\n\t\t\t\t\t\n\n\t\t<!-- services-section6 \n\t\t\t================================================== -->\n\t\t<section class=\"services-section6\">\n\n\t\t\t<div class=\"container\">\n\t\t\t\t<div class=\"services-box6\">\n\t\t\t\t\t<div class=\"row\">\n\t\t\t\t\t\t<div class=\"col-lg-6\">\n\t\t\t\t\t\t\t<div class=\"title-box\">\n\t\t\t\t\t\t\t\t<span>Firm of The Year<\/span>\n\t\t\t\t\t\t\t\t<h2>Award-Wining Company<\/h2>\n\t\t\t\t\t\t\t<\/div>\n\n\t\t\t\t\t\t\t\t\t\t\t\t\t\t<div class=\"services-post6\">\n\t\t\t\t\t\t\t\t<a href=\"\" class=\"icon\">\n\t\t\t\t\t\t\t\t\t\t\t\t\t\t\t\t\t\t\t<span class=\"material-icons md-filter_list\">\n\t\t\t\t\t\t\t\t\t\tfilter_list\t\t\t\t\t\t\t\t\t\t<\/span>\n\t\t\t\t\t\t\t\t\t\t\t\t\t\t\t\t\t\t<\/a>\n\t\t\t\t\t\t\t\t<div class=\"serv-content\">\n\t\t\t\t\t\t\t\t\t<h4>Creative Architecture designs<\/h4>\n\t\t\t\t\t\t\t\t\t<p>Lorem ipsum dolor sit amet, consectetur adipisicing elit sed do eiusmod tempor incididunt<\/p>\n\t\t\t\t\t\t\t\t<\/div>\n\t\t\t\t\t\t\t<\/div>\n                        \t\t\t\t\t\t\t\t<div class=\"services-post6\">\n\t\t\t\t\t\t\t\t<a href=\"\" class=\"icon\">\n\t\t\t\t\t\t\t\t\t\t\t\t\t\t\t\t\t\t\t<span class=\"material-icons md-crop_rotate\">\n\t\t\t\t\t\t\t\t\t\tcrop_rotate\t\t\t\t\t\t\t\t\t\t<\/span>\n\t\t\t\t\t\t\t\t\t\t\t\t\t\t\t\t\t\t<\/a>\n\t\t\t\t\t\t\t\t<div class=\"serv-content\">\n\t\t\t\t\t\t\t\t\t<h4>The joy of Best Living<\/h4>\n\t\t\t\t\t\t\t\t\t<p>Lorem ipsum dolor sit amet, consectetur adipisicing elit sed do eiusmod tempor incididunt<\/p>\n\t\t\t\t\t\t\t\t<\/div>\n\t\t\t\t\t\t\t<\/div>\n                        \t\t\t\t\t\t\t\t<div class=\"services-post6\">\n\t\t\t\t\t\t\t\t<a href=\"\" class=\"icon\">\n\t\t\t\t\t\t\t\t\t\t\t\t\t\t\t\t\t\t\t<span class=\"material-icons md-straighten\">\n\t\t\t\t\t\t\t\t\t\tstraighten\t\t\t\t\t\t\t\t\t\t<\/span>\n\t\t\t\t\t\t\t\t\t\t\t\t\t\t\t\t\t\t<\/a>\n\t\t\t\t\t\t\t\t<div class=\"serv-content\">\n\t\t\t\t\t\t\t\t\t<h4>Professional Planning<\/h4>\n\t\t\t\t\t\t\t\t\t<p>Lorem ipsum dolor sit amet, consectetur adipisicing elit sed do eiusmod tempor incididunt<\/p>\n\t\t\t\t\t\t\t\t<\/div>\n\t\t\t\t\t\t\t<\/div>\n                        \t\n\t\t\t\t\t\t<\/div>\n\t\t\t\t\t\t<div class=\"col-lg-6\">\n\t\t\t\t\t\t\t<div class=\"image-holder\">\n\t\t\t\t\t\t\t\t\t\t\t\t\t\t\t\t\t<img decoding=\"async\" src=\"http:\/\/fabric-lab.co\/royarch\/wp-content\/uploads\/sites\/9\/2021\/08\/services.jpg\" alt>\n\t\t\t\t\t\t\t\t\t\t\t\t\t\t\t\t<a class=\"serv-link\" href=\"http:\/\/localhost:8888\/royarch\/services\/\">\n\t\t\t\t\t\t\t\t\tServices\t\t\t\t\t\t\t\t\t<i class=\"fas fa-long-arrow-alt-right\"><\/i>\n\t\t\t\t\t\t\t\t<\/a>\n\t\t\t\t\t\t\t<\/div>\n\t\t\t\t\t\t<\/div>\n\t\t\t\t\t<\/div>\n\t\t\t\t<\/div>\n\t\t\t<\/div>\n\n\t\t<\/section>\n\t\t<!-- End services-section6 -->\n    \n    \t\t\t\t<\/div>\n\t\t\t\t<\/div>\n\t\t\t\t\t<\/div>\n\t\t<\/div>\n\t\t\t\t\t<\/div>\n\t\t<\/section>\n\t\t\t\t<\/div>\n\t\t","protected":false},"excerpt":{"rendered":"<p>KFK METAL KURUMSAL KFK Metal \u2018Kalite Y\u00f6netim\u2019 prensiplerini esas alan firma olman\u0131n yan\u0131nda, deneyimli kadrosu ve modern teknolojik alt yap\u0131s\u0131 ile sekt\u00f6rde y\u00fcksek performansl\u0131, kaliteli, dayan\u0131kl\u0131 ve uzun \u00f6m\u00fcrl\u00fc metal mobilyalar \u00fcretmektedir. 1999 y\u0131l\u0131ndan bu yana T\u00fcrkiye\u2019de ve d\u00fcnyada \u00f6nemli otel, restaurant, cafe, ma\u011faza, hastane, konut ve avm projelerinde gururla yer alan KFK METAL, engin <\/p>\n","protected":false},"author":3,"featured_media":0,"parent":0,"menu_order":0,"comment_status":"closed","ping_status":"closed","template":"","meta":{"_monsterinsights_skip_tracking":false,"_monsterinsights_sitenote_active":false,"_monsterinsights_sitenote_note":"","_monsterinsights_sitenote_category":0,"footnotes":""},"class_list":["post-58","page","type-page","status-publish","hentry"],"_links":{"self":[{"href":"https:\/\/kfkmetal.com.tr\/index.php\/wp-json\/wp\/v2\/pages\/58","targetHints":{"allow":["GET"]}}],"collection":[{"href":"https:\/\/kfkmetal.com.tr\/index.php\/wp-json\/wp\/v2\/pages"}],"about":[{"href":"https:\/\/kfkmetal.com.tr\/index.php\/wp-json\/wp\/v2\/types\/page"}],"author":[{"embeddable":true,"href":"https:\/\/kfkmetal.com.tr\/index.php\/wp-json\/wp\/v2\/users\/3"}],"replies":[{"embeddable":true,"href":"https:\/\/kfkmetal.com.tr\/index.php\/wp-json\/wp\/v2\/comments?post=58"}],"version-history":[{"count":19,"href":"https:\/\/kfkmetal.com.tr\/index.php\/wp-json\/wp\/v2\/pages\/58\/revisions"}],"predecessor-version":[{"id":1743,"href":"https:\/\/kfkmetal.com.tr\/index.php\/wp-json\/wp\/v2\/pages\/58\/revisions\/1743"}],"wp:attachment":[{"href":"https:\/\/kfkmetal.com.tr\/index.php\/wp-json\/wp\/v2\/media?parent=58"}],"curies":[{"name":"wp","href":"https:\/\/api.w.org\/{rel}","templated":true}]}}