{"id":561,"date":"2021-07-31T15:02:31","date_gmt":"2021-07-31T15:02:31","guid":{"rendered":"http:\/\/localhost:8888\/royarch\/?page_id=561"},"modified":"2024-02-16T09:08:58","modified_gmt":"2024-02-16T09:08:58","slug":"contact","status":"publish","type":"page","link":"https:\/\/kfkmetal.com.tr\/index.php\/contact\/","title":{"rendered":"Contact"},"content":{"rendered":"\t\t<div data-elementor-type=\"wp-page\" data-elementor-id=\"561\" class=\"elementor elementor-561\" data-elementor-post-type=\"page\">\n\t\t\t\t\t\t<section class=\"elementor-section elementor-top-section elementor-element elementor-element-af80569 elementor-section-full_width elementor-section-height-default elementor-section-height-default\" data-id=\"af80569\" data-element_type=\"section\" data-e-type=\"section\">\n\t\t\t\t\t\t<div class=\"elementor-container elementor-column-gap-no\">\n\t\t\t\t\t<div class=\"elementor-column elementor-col-100 elementor-top-column elementor-element elementor-element-e94a60a\" data-id=\"e94a60a\" data-element_type=\"column\" data-e-type=\"column\">\n\t\t\t<div class=\"elementor-widget-wrap elementor-element-populated\">\n\t\t\t\t\t\t<div class=\"elementor-element elementor-element-e4270b4 elementor-widget elementor-widget-Royarch-Global-Widgets-Contact-Block\" data-id=\"e4270b4\" data-element_type=\"widget\" data-e-type=\"widget\" data-widget_type=\"Royarch-Global-Widgets-Contact-Block.default\">\n\t\t\t\t<div class=\"elementor-widget-container\">\n\t\t\t\t\t\r\n\t\t<!-- contact-info-section \r\n\t\t\t================================================== -->\r\n\t\t<section class=\"contact-info-section\">\r\n\r\n\t\t\t<div class=\"container\">\r\n\t\t\t\t<div class=\"title-box\">\r\n\t\t\t\t\t<span>Bizimle ileti\u015fime Ge\u00e7in<\/span>\r\n\t\t\t\t\t<h2>\u0130leti\u015fim Formu<\/h2>\r\n\t\t\t\t<\/div>\r\n\t\t\t\t<div class=\"contact-info-box\">\r\n\t\t\t\t\t<div class=\"row g-0\">\r\n\t\t\t\t\t\t\t\t\t\t\t\t\t<div class=\"col-lg-4\">\r\n\t\t\t\t\t\t\t\t<div class=\"contact-info-post\">\r\n\t\t\t\t\t\t\t\t\t\t\t\t\t\t\t\t\t\t\t<span class=\"\">\r\n\t\t\t\t\t\t\t\t\t\t\t\t\t\t\t\t\t\t\t\t<\/span>\r\n\t\t\t\t\t\t\t\t\t\t\t\t\t\t\t\t\t\t\t<div class=\"info-content\">\r\n\t\t\t\t\t\t\t\t\t\t<h4>Firma \u0130leti\u015fim<\/h4>\r\n\t\t\t\t\t\t\t\t\t\t<p>Baki Y\u0131lmaz : 0 (532) 388 40 98  \nTitanyum Servis: 0 (538) 058 30 30 <\/p>\r\n\t\t\t\t\t\t\t\t\t<\/div>\r\n\t\t\t\t\t\t\t\t<\/div>\r\n\t\t\t\t\t\t\t<\/div>\r\n\t\t\t\t\t\t\t\t\t\t\t\t\t<div class=\"col-lg-4\">\r\n\t\t\t\t\t\t\t\t<div class=\"contact-info-post\">\r\n\t\t\t\t\t\t\t\t\t\t\t\t\t\t\t\t\t\t\t<span class=\"\">\r\n\t\t\t\t\t\t\t\t\t\t\t\t\t\t\t\t\t\t\t\t<\/span>\r\n\t\t\t\t\t\t\t\t\t\t\t\t\t\t\t\t\t\t\t<div class=\"info-content\">\r\n\t\t\t\t\t\t\t\t\t\t<h4>\u00c7al\u0131\u015fma Saatleri<\/h4>\r\n\t\t\t\t\t\t\t\t\t\t<p>Pazartesi-Cuma 09:00 - 18:30        \nCumartesi\n09:00 - 13:00 <\/p>\r\n\t\t\t\t\t\t\t\t\t<\/div>\r\n\t\t\t\t\t\t\t\t<\/div>\r\n\t\t\t\t\t\t\t<\/div>\r\n\t\t\t\t\t\t\t\t\t\t\t\t\t<div class=\"col-lg-4\">\r\n\t\t\t\t\t\t\t\t<div class=\"contact-info-post\">\r\n\t\t\t\t\t\t\t\t\t\t\t\t\t\t\t\t\t\t\t<span class=\"\">\r\n\t\t\t\t\t\t\t\t\t\t\t\t\t\t\t\t\t\t\t\t<\/span>\r\n\t\t\t\t\t\t\t\t\t\t\t\t\t\t\t\t\t\t\t<div class=\"info-content\">\r\n\t\t\t\t\t\t\t\t\t\t<h4>Adres<\/h4>\r\n\t\t\t\t\t\t\t\t\t\t<p>Ata\u015fehir Ferhat Pa\u015fa, 45. Sk. NO 50, 34888 Ata\u015fehir\/\u0130stanbul <\/p>\r\n\t\t\t\t\t\t\t\t\t<\/div>\r\n\t\t\t\t\t\t\t\t<\/div>\r\n\t\t\t\t\t\t\t<\/div>\r\n\t\t\t\t\t\t\r\n\t\t\t\t\t<\/div>\r\n\t\t\t\t<\/div>\r\n\t\t\t\t<div class=\"contact-form-box\">\r\n\t\t\t\t\t<div class=\"row g-0\">\r\n\t\t\t\t\t\t<div class=\"col-lg-8\">\r\n\t\t\t\t\t\t\t<div id=\"contact-form\">\r\n\t\t\t\t\t\t\t\t<p>\n<div class=\"wpcf7 no-js\" id=\"wpcf7-f1209-o1\" lang=\"en-US\" dir=\"ltr\" data-wpcf7-id=\"1209\">\n<div class=\"screen-reader-response\"><p role=\"status\" aria-live=\"polite\" aria-atomic=\"true\"><\/p> <ul><\/ul><\/div>\n<form action=\"\/index.php\/wp-json\/wp\/v2\/pages\/561#wpcf7-f1209-o1\" method=\"post\" class=\"wpcf7-form init\" aria-label=\"Contact form\" novalidate=\"novalidate\" data-status=\"init\">\n<fieldset class=\"hidden-fields-container\"><input type=\"hidden\" name=\"_wpcf7\" value=\"1209\" \/><input type=\"hidden\" name=\"_wpcf7_version\" value=\"6.1.5\" \/><input type=\"hidden\" name=\"_wpcf7_locale\" value=\"en_US\" \/><input type=\"hidden\" name=\"_wpcf7_unit_tag\" value=\"wpcf7-f1209-o1\" \/><input type=\"hidden\" name=\"_wpcf7_container_post\" value=\"0\" \/><input type=\"hidden\" name=\"_wpcf7_posted_data_hash\" value=\"\" \/>\n<\/fieldset>\n<h4>Mesaj G\u00f6nderin\n<\/h4>\n<div class=\"row\">\n\t<div class=\"col-md-6\">\n\t\t<div class=\"input-line\">\n\t\t\t<p><span class=\"wpcf7-form-control-wrap\" data-name=\"your-name\"><input size=\"40\" maxlength=\"400\" class=\"wpcf7-form-control wpcf7-text wpcf7-validates-as-required\" aria-required=\"true\" aria-invalid=\"false\" placeholder=\"Ad\u0131n\u0131z\" value=\"\" type=\"text\" name=\"your-name\" \/><\/span>\n\t\t\t<\/p>\n\t\t<\/div>\n\t\t<div class=\"input-line\">\n\t\t\t<p><span class=\"wpcf7-form-control-wrap\" data-name=\"your-email\"><input size=\"40\" maxlength=\"400\" class=\"wpcf7-form-control wpcf7-email wpcf7-validates-as-required wpcf7-text wpcf7-validates-as-email\" aria-required=\"true\" aria-invalid=\"false\" placeholder=\"Mail adresiniz\" value=\"\" type=\"email\" name=\"your-email\" \/><\/span>\n\t\t\t<\/p>\n\t\t<\/div>\n\t\t<div class=\"input-line\">\n\t\t\t<p><span class=\"wpcf7-form-control-wrap\" data-name=\"your-subject\"><input size=\"40\" maxlength=\"400\" class=\"wpcf7-form-control wpcf7-text wpcf7-validates-as-required\" aria-required=\"true\" aria-invalid=\"false\" placeholder=\"Konu\" value=\"\" type=\"text\" name=\"your-subject\" \/><\/span>\n\t\t\t<\/p>\n\t\t<\/div>\n\t<\/div>\n\t<div class=\"col-md-6\">\n\t\t<div class=\"input-line\">\n\t\t\t<p><span class=\"wpcf7-form-control-wrap\" data-name=\"your-message\"><textarea cols=\"40\" rows=\"10\" maxlength=\"2000\" class=\"wpcf7-form-control wpcf7-textarea\" aria-invalid=\"false\" placeholder=\"Mesaj\" name=\"your-message\"><\/textarea><\/span>\n\t\t\t<\/p>\n\t\t<\/div>\n\t\t<p><input class=\"wpcf7-form-control wpcf7-submit has-spinner\" type=\"submit\" value=\"G\u00f6nder\" \/>\n\t\t<\/p>\n\t<\/div>\n<\/div><p style=\"display: none !important;\" class=\"akismet-fields-container\" data-prefix=\"_wpcf7_ak_\"><label>&#916;<textarea name=\"_wpcf7_ak_hp_textarea\" cols=\"45\" rows=\"8\" maxlength=\"100\"><\/textarea><\/label><input type=\"hidden\" id=\"ak_js_1\" name=\"_wpcf7_ak_js\" value=\"142\"\/><script>document.getElementById( \"ak_js_1\" ).setAttribute( \"value\", ( new Date() ).getTime() );<\/script><\/p><div class=\"wpcf7-response-output\" aria-hidden=\"true\"><\/div>\n<\/form>\n<\/div>\n<\/p>\t\t\t\t\t\t\t<\/div>\r\n\t\t\t\t\t\t<\/div>\r\n\t\t\t\t\t\t<div class=\"col-lg-4\">\r\n\t\t\t\t\t\t\t<div id=\"map\">\r\n\t\t\t\t\t\t\t\t<div class=\"elementor-custom-embed\"><iframe frameborder=\"0\" scrolling=\"no\" marginheight=\"0\" marginwidth=\"0\" src=\"https:\/\/maps.google.com\/maps?q=KFK+METAL+PROJECT+Ata%C5%9Fehir+Ferhat+Pa%C5%9Fa%2C+45.+Sk.+NO+50%2C+34888+Ata%C5%9Fehir%2F%C4%B0stanbul&amp;t=m&amp;z=17&amp;output=embed&amp;iwloc=near\"><\/iframe><\/div>\t\t\t\t\t\t\t<\/div>\r\n\t\t\t\t\t\t<\/div>\r\n\t\t\t\t\t<\/div>\r\n\t\t\t\t<\/div>\r\n\t\t\t<\/div>\r\n\r\n\t\t<\/section>\r\n\t\t<!-- End contact-info-section -->\r\n\t\t\t\r\n    \r\n    \t\t\t\t<\/div>\n\t\t\t\t<\/div>\n\t\t\t\t\t<\/div>\n\t\t<\/div>\n\t\t\t\t\t<\/div>\n\t\t<\/section>\n\t\t\t\t<\/div>\n\t\t","protected":false},"excerpt":{"rendered":"<p>Bizimle ileti\u015fime Ge\u00e7in \u0130leti\u015fim Formu Firma \u0130leti\u015fim Baki Y\u0131lmaz : 0 (532) 388 40 98 Titanyum Servis: 0 (538) 058 30 30 \u00c7al\u0131\u015fma Saatleri Pazartesi-Cuma 09:00 &#8211; 18:30 Cumartesi 09:00 &#8211; 13:00 Adres Ata\u015fehir Ferhat Pa\u015fa, 45. Sk. NO 50, 34888 Ata\u015fehir\/\u0130stanbul Send message<\/p>\n","protected":false},"author":3,"featured_media":0,"parent":0,"menu_order":0,"comment_status":"closed","ping_status":"closed","template":"","meta":{"_monsterinsights_skip_tracking":false,"_monsterinsights_sitenote_active":false,"_monsterinsights_sitenote_note":"","_monsterinsights_sitenote_category":0,"footnotes":""},"class_list":["post-561","page","type-page","status-publish","hentry"],"_links":{"self":[{"href":"https:\/\/kfkmetal.com.tr\/index.php\/wp-json\/wp\/v2\/pages\/561","targetHints":{"allow":["GET"]}}],"collection":[{"href":"https:\/\/kfkmetal.com.tr\/index.php\/wp-json\/wp\/v2\/pages"}],"about":[{"href":"https:\/\/kfkmetal.com.tr\/index.php\/wp-json\/wp\/v2\/types\/page"}],"author":[{"embeddable":true,"href":"https:\/\/kfkmetal.com.tr\/index.php\/wp-json\/wp\/v2\/users\/3"}],"replies":[{"embeddable":true,"href":"https:\/\/kfkmetal.com.tr\/index.php\/wp-json\/wp\/v2\/comments?post=561"}],"version-history":[{"count":50,"href":"https:\/\/kfkmetal.com.tr\/index.php\/wp-json\/wp\/v2\/pages\/561\/revisions"}],"predecessor-version":[{"id":1410,"href":"https:\/\/kfkmetal.com.tr\/index.php\/wp-json\/wp\/v2\/pages\/561\/revisions\/1410"}],"wp:attachment":[{"href":"https:\/\/kfkmetal.com.tr\/index.php\/wp-json\/wp\/v2\/media?parent=561"}],"curies":[{"name":"wp","href":"https:\/\/api.w.org\/{rel}","templated":true}]}}